{"id":23,"date":"2026-03-03T23:56:33","date_gmt":"2026-03-03T23:56:33","guid":{"rendered":"https:\/\/dr-puntigam.at\/?page_id=23"},"modified":"2026-03-12T09:52:31","modified_gmt":"2026-03-12T09:52:31","slug":"coming-soon","status":"publish","type":"page","link":"https:\/\/dr-puntigam.at\/","title":{"rendered":"Coming Soon"},"content":{"rendered":"\t\t<div data-elementor-type=\"wp-page\" data-elementor-id=\"23\" class=\"elementor elementor-23\" data-elementor-post-type=\"page\">\n\t\t\t\t<div class=\"elementor-element elementor-element-c31426d e-con-full e-flex e-con e-parent\" data-id=\"c31426d\" data-element_type=\"container\" data-e-type=\"container\" data-settings=\"{&quot;background_background&quot;:&quot;classic&quot;,&quot;jet_parallax_layout_list&quot;:[]}\">\n\t\t<div class=\"elementor-element elementor-element-15c23f5 e-flex e-con-boxed e-con e-child\" data-id=\"15c23f5\" data-element_type=\"container\" data-e-type=\"container\" data-settings=\"{&quot;background_background&quot;:&quot;classic&quot;,&quot;jet_parallax_layout_list&quot;:[]}\">\n\t\t\t\t\t<div class=\"e-con-inner\">\n\t\t\t\t<div class=\"elementor-element elementor-element-c37227c elementor-widget elementor-widget-heading\" data-id=\"c37227c\" data-element_type=\"widget\" data-e-type=\"widget\" data-widget_type=\"heading.default\">\n\t\t\t\t\t<h1 class=\"elementor-heading-title elementor-size-default\">Coming Soon<\/h1>\t\t\t\t<\/div>\n\t\t\t\t<div class=\"elementor-element elementor-element-4850ac1 elementor-widget__width-initial elementor-widget elementor-widget-heading\" data-id=\"4850ac1\" data-element_type=\"widget\" data-e-type=\"widget\" data-widget_type=\"heading.default\">\n\t\t\t\t\t<h2 class=\"elementor-heading-title elementor-size-default\">Unsere Website befindet sich im Aufbau. Wir sind in K\u00fcrze auch Online f\u00fcr Sie verf\u00fcgbar.<\/h2>\t\t\t\t<\/div>\n\t\t\t\t\t<\/div>\n\t\t\t\t<\/div>\n\t\t\t\t<\/div>\n\t\t<div class=\"elementor-element elementor-element-49c5d04 e-con-full e-flex e-con e-parent\" data-id=\"49c5d04\" data-element_type=\"container\" data-e-type=\"container\" data-settings=\"{&quot;background_background&quot;:&quot;classic&quot;,&quot;jet_parallax_layout_list&quot;:[]}\">\n\t\t<div class=\"elementor-element elementor-element-c42930d e-flex e-con-boxed e-con e-child\" data-id=\"c42930d\" data-element_type=\"container\" data-e-type=\"container\" data-settings=\"{&quot;background_background&quot;:&quot;classic&quot;,&quot;jet_parallax_layout_list&quot;:[]}\">\n\t\t\t\t\t<div class=\"e-con-inner\">\n\t\t<div class=\"elementor-element elementor-element-41f45ce e-con-full e-flex e-con e-child\" data-id=\"41f45ce\" data-element_type=\"container\" data-e-type=\"container\" data-settings=\"{&quot;jet_parallax_layout_list&quot;:[]}\">\n\t\t\t\t<div class=\"elementor-element elementor-element-b761c72 elementor-widget elementor-widget-text-editor\" data-id=\"b761c72\" data-element_type=\"widget\" data-e-type=\"widget\" data-widget_type=\"text-editor.default\">\n\t\t\t\t\t\t\t\t\t<p>Dr. Irmgard Puntigam<\/p>\t\t\t\t\t\t\t\t<\/div>\n\t\t\t\t<div class=\"elementor-element elementor-element-83857ac elementor-widget elementor-widget-text-editor\" data-id=\"83857ac\" data-element_type=\"widget\" data-e-type=\"widget\" data-widget_type=\"text-editor.default\">\n\t\t\t\t\t\t\t\t\t<p><span style=\"color: #3f3f3d;\">B\u00fcrgerwaldgasse 331<\/span><br \/><span style=\"color: #3f3f3d;\">8461 Ehrenhausen a.d. Weinstra\u00dfe<\/span><br \/><span style=\"color: #3f3f3d;\"><a style=\"color: #3f3f3d;\" href=\"tel:+4334534677\">03453 \/ 46 77<\/a> | <a style=\"color: #3f3f3d;\" href=\"mailto:praxis@dr-puntigam.at\">praxis@dr-puntigam.at<\/a><\/span><br \/><span style=\"color: #c71381;\"><strong>www.dr-puntigam.at<\/strong><\/span><\/p>\t\t\t\t\t\t\t\t<\/div>\n\t\t\t\t<\/div>\n\t\t<div class=\"elementor-element elementor-element-8583238 e-con-full e-flex e-con e-child\" data-id=\"8583238\" data-element_type=\"container\" data-e-type=\"container\" data-settings=\"{&quot;jet_parallax_layout_list&quot;:[]}\">\n\t\t\t\t<div class=\"elementor-element elementor-element-93fef69 elementor-widget elementor-widget-text-editor\" data-id=\"93fef69\" data-element_type=\"widget\" data-e-type=\"widget\" data-widget_type=\"text-editor.default\">\n\t\t\t\t\t\t\t\t\t<p><strong>MO, DI, FR<\/strong> 08:00 \u2013 12:00<br \/><strong>MI<\/strong> 17:00 \u2013 19:00<br \/><strong>DO<\/strong> 08:00 \u2013 12:00 &amp; 16:00 \u2013 18:00<\/p>\t\t\t\t\t\t\t\t<\/div>\n\t\t\t\t<\/div>\n\t\t\t\t\t<\/div>\n\t\t\t\t<\/div>\n\t\t\t\t<\/div>\n\t\t\t\t<\/div>\n\t\t","protected":false},"excerpt":{"rendered":"<p>Coming Soon Unsere Website befindet sich im Aufbau. Wir sind in K\u00fcrze auch Online f\u00fcr Sie verf\u00fcgbar. Dr. Irmgard Puntigam B\u00fcrgerwaldgasse 3318461 Ehrenhausen a.d. Weinstra\u00dfe03453 \/ 46 77 | praxis@dr-puntigam.atwww.dr-puntigam.at MO, DI, FR 08:00 \u2013 12:00MI 17:00 \u2013 19:00DO 08:00 \u2013 12:00 &amp; 16:00 \u2013 18:00<\/p>\n","protected":false},"author":2,"featured_media":0,"parent":0,"menu_order":0,"comment_status":"closed","ping_status":"closed","template":"","meta":{"footnotes":""},"class_list":["post-23","page","type-page","status-publish","hentry"],"_links":{"self":[{"href":"https:\/\/dr-puntigam.at\/index.php\/wp-json\/wp\/v2\/pages\/23","targetHints":{"allow":["GET"]}}],"collection":[{"href":"https:\/\/dr-puntigam.at\/index.php\/wp-json\/wp\/v2\/pages"}],"about":[{"href":"https:\/\/dr-puntigam.at\/index.php\/wp-json\/wp\/v2\/types\/page"}],"author":[{"embeddable":true,"href":"https:\/\/dr-puntigam.at\/index.php\/wp-json\/wp\/v2\/users\/2"}],"replies":[{"embeddable":true,"href":"https:\/\/dr-puntigam.at\/index.php\/wp-json\/wp\/v2\/comments?post=23"}],"version-history":[{"count":61,"href":"https:\/\/dr-puntigam.at\/index.php\/wp-json\/wp\/v2\/pages\/23\/revisions"}],"predecessor-version":[{"id":901,"href":"https:\/\/dr-puntigam.at\/index.php\/wp-json\/wp\/v2\/pages\/23\/revisions\/901"}],"wp:attachment":[{"href":"https:\/\/dr-puntigam.at\/index.php\/wp-json\/wp\/v2\/media?parent=23"}],"curies":[{"name":"wp","href":"https:\/\/api.w.org\/{rel}","templated":true}]}}